{"id":142,"date":"2020-02-24T14:01:31","date_gmt":"2020-02-24T14:01:31","guid":{"rendered":"https:\/\/demosites.io\/lawyers-gb\/?page_id=142"},"modified":"2024-10-01T10:05:37","modified_gmt":"2024-10-01T08:05:37","slug":"a02e5-homepage","status":"publish","type":"page","link":"https:\/\/intraroc2.dev.greenitsolutions.fr\/?page_id=142","title":{"rendered":"Accueil"},"content":{"rendered":"<h1>Bienvenue sur l&rsquo;intranet du Groupe Fiduroc<\/h1>\r\n<p><i class=\"fas fa-bell\"><\/i> Cet espace a \u00e9t\u00e9 con\u00e7u pour faciliter la communication inter-entreprises pour l&rsquo;ensemble des associ\u00e9s et des collaborateurs du Groupe.<\/p>\r\n<p><strong>Vous y trouverez :\u00a0<\/strong><\/p>\r\n<ul>\r\n<li>les prochains rendez-vous (\u00e9v\u00e9nements sportifs sponsoris\u00e9s, sorties CSE, formations, salons&#8230;)<\/li>\r\n<li>les derni\u00e8res publications de nos sites web respectifs ou posts de r\u00e9seaux sociaux<\/li>\r\n<li>les raccourcis vers des applications tierces communes.<\/li>\r\n<\/ul>\r\n<p><i class=\"fas fa-file-invoice\"><\/i> Le site sera r\u00e9guli\u00e8rement aliment\u00e9 par l&rsquo;actualit\u00e9 du groupe, n&rsquo;h\u00e9sitez pas \u00e0 contacter l&rsquo;\u00e9quipe de publication si vous avez des \u00e9l\u00e9ments \u00e0 partager.<\/p>\r\n<p>Bonne navigation&#8230;<\/p>\r\n<p>&nbsp;<\/p>\r\n<p>&nbsp;<\/p>\r\n","protected":false},"excerpt":{"rendered":"<p>Bienvenue sur l&rsquo;intranet du Groupe Fiduroc Cet espace a \u00e9t\u00e9 con\u00e7u pour faciliter la communication inter-entreprises pour l&rsquo;ensemble des associ\u00e9s et des collaborateurs du Groupe. Vous y trouverez :\u00a0 les &hellip; <a href=\"https:\/\/intraroc2.dev.greenitsolutions.fr\/?page_id=142\" class=\"more-link\">Continue reading <span class=\"screen-reader-text\">Accueil<\/span><\/a><\/p>\n","protected":false},"author":2,"featured_media":0,"parent":0,"menu_order":0,"comment_status":"closed","ping_status":"closed","template":"","meta":{"_themeisle_gutenberg_block_has_review":false,"footnotes":""},"class_list":["post-142","page","type-page","status-publish","hentry"],"_links":{"self":[{"href":"https:\/\/intraroc2.dev.greenitsolutions.fr\/index.php?rest_route=\/wp\/v2\/pages\/142","targetHints":{"allow":["GET"]}}],"collection":[{"href":"https:\/\/intraroc2.dev.greenitsolutions.fr\/index.php?rest_route=\/wp\/v2\/pages"}],"about":[{"href":"https:\/\/intraroc2.dev.greenitsolutions.fr\/index.php?rest_route=\/wp\/v2\/types\/page"}],"author":[{"embeddable":true,"href":"https:\/\/intraroc2.dev.greenitsolutions.fr\/index.php?rest_route=\/wp\/v2\/users\/2"}],"replies":[{"embeddable":true,"href":"https:\/\/intraroc2.dev.greenitsolutions.fr\/index.php?rest_route=%2Fwp%2Fv2%2Fcomments&post=142"}],"version-history":[{"count":6,"href":"https:\/\/intraroc2.dev.greenitsolutions.fr\/index.php?rest_route=\/wp\/v2\/pages\/142\/revisions"}],"predecessor-version":[{"id":489,"href":"https:\/\/intraroc2.dev.greenitsolutions.fr\/index.php?rest_route=\/wp\/v2\/pages\/142\/revisions\/489"}],"wp:attachment":[{"href":"https:\/\/intraroc2.dev.greenitsolutions.fr\/index.php?rest_route=%2Fwp%2Fv2%2Fmedia&parent=142"}],"curies":[{"name":"wp","href":"https:\/\/api.w.org\/{rel}","templated":true}]}}